{"id":13,"date":"2025-12-16T21:23:28","date_gmt":"2025-12-16T21:23:28","guid":{"rendered":"https:\/\/mmi24a03.mmi-troyes.fr\/sae302\/?page_id=13"},"modified":"2025-12-19T15:40:31","modified_gmt":"2025-12-19T15:40:31","slug":"page-daccueil","status":"publish","type":"page","link":"https:\/\/mmi24a03.mmi-troyes.fr\/sae302\/","title":{"rendered":"Page d&rsquo;accueil"},"content":{"rendered":"\t\t<div data-elementor-type=\"wp-page\" data-elementor-id=\"13\" class=\"elementor elementor-13\" data-elementor-post-type=\"page\">\n\t\t\t\t<div class=\"elementor-element elementor-element-03d7440 e-flex e-con-boxed e-con e-parent\" data-id=\"03d7440\" data-element_type=\"container\">\n\t\t\t\t\t<div class=\"e-con-inner\">\n\t\t\t\t<div class=\"elementor-element elementor-element-fd65b66 elementor-widget elementor-widget-image\" data-id=\"fd65b66\" data-element_type=\"widget\" data-widget_type=\"image.default\">\n\t\t\t\t\t\t\t\t\t\t\t\t\t\t\t<img fetchpriority=\"high\" decoding=\"async\" width=\"2560\" height=\"1396\" src=\"https:\/\/mmi24a03.mmi-troyes.fr\/sae302\/wp-content\/uploads\/2025\/12\/hero-image-1-scaled.png\" class=\"attachment-full size-full wp-image-193\" alt=\"\" srcset=\"https:\/\/mmi24a03.mmi-troyes.fr\/sae302\/wp-content\/uploads\/2025\/12\/hero-image-1-scaled.png 2560w, https:\/\/mmi24a03.mmi-troyes.fr\/sae302\/wp-content\/uploads\/2025\/12\/hero-image-1-300x164.png 300w, https:\/\/mmi24a03.mmi-troyes.fr\/sae302\/wp-content\/uploads\/2025\/12\/hero-image-1-1024x559.png 1024w, https:\/\/mmi24a03.mmi-troyes.fr\/sae302\/wp-content\/uploads\/2025\/12\/hero-image-1-768x419.png 768w, https:\/\/mmi24a03.mmi-troyes.fr\/sae302\/wp-content\/uploads\/2025\/12\/hero-image-1-1536x838.png 1536w, https:\/\/mmi24a03.mmi-troyes.fr\/sae302\/wp-content\/uploads\/2025\/12\/hero-image-1-2048x1117.png 2048w\" sizes=\"(max-width: 2560px) 100vw, 2560px\" \/>\t\t\t\t\t\t\t\t\t\t\t\t\t\t\t<\/div>\n\t\t\t\t\t<\/div>\n\t\t\t\t<\/div>\n\t\t<div class=\"elementor-element elementor-element-4e8d522 e-flex e-con-boxed e-con e-parent\" data-id=\"4e8d522\" data-element_type=\"container\">\n\t\t\t\t\t<div class=\"e-con-inner\">\n\t\t\t\t<div class=\"elementor-element elementor-element-615e277 elementor-align-center elementor-widget elementor-widget-button\" data-id=\"615e277\" data-element_type=\"widget\" data-widget_type=\"button.default\">\n\t\t\t\t\t\t\t\t\t\t<a class=\"elementor-button elementor-button-link elementor-size-sm\" href=\"#\">\n\t\t\t\t\t\t<span class=\"elementor-button-content-wrapper\">\n\t\t\t\t\t\t\t\t\t<span class=\"elementor-button-text\">D\u00e9couvrir les v\u00e9hicules<\/span>\n\t\t\t\t\t<\/span>\n\t\t\t\t\t<\/a>\n\t\t\t\t\t\t\t\t<\/div>\n\t\t\t\t\t<\/div>\n\t\t\t\t<\/div>\n\t\t<div class=\"elementor-element elementor-element-017902e e-flex e-con-boxed e-con e-parent\" data-id=\"017902e\" data-element_type=\"container\">\n\t\t\t\t\t<div class=\"e-con-inner\">\n\t\t\t\t<div class=\"elementor-element elementor-element-2822a5e elementor-widget elementor-widget-heading\" data-id=\"2822a5e\" data-element_type=\"widget\" data-widget_type=\"heading.default\">\n\t\t\t\t\t<h2 class=\"elementor-heading-title elementor-size-default\">Nos cat\u00e9gories<\/h2>\t\t\t\t<\/div>\n\t\t\t\t\t<\/div>\n\t\t\t\t<\/div>\n\t\t<div class=\"elementor-element elementor-element-a469956 e-grid e-con-boxed e-con e-parent\" data-id=\"a469956\" data-element_type=\"container\">\n\t\t\t\t\t<div class=\"e-con-inner\">\n\t\t<div class=\"elementor-element elementor-element-6b11457 e-con-full e-flex e-con e-child\" data-id=\"6b11457\" data-element_type=\"container\" data-settings=\"{&quot;background_background&quot;:&quot;classic&quot;}\">\n\t\t<div class=\"elementor-element elementor-element-c614906 e-grid e-con-full e-con e-child\" data-id=\"c614906\" data-element_type=\"container\">\n\t\t\t\t<div class=\"elementor-element elementor-element-2fbf089 elementor-widget elementor-widget-heading\" data-id=\"2fbf089\" data-element_type=\"widget\" data-widget_type=\"heading.default\">\n\t\t\t\t\t<h2 class=\"elementor-heading-title elementor-size-default\">Europe<\/h2>\t\t\t\t<\/div>\n\t\t\t\t<div class=\"elementor-element elementor-element-9c69dec elementor-widget elementor-widget-heading\" data-id=\"9c69dec\" data-element_type=\"widget\" data-widget_type=\"heading.default\">\n\t\t\t\t\t<h2 class=\"elementor-heading-title elementor-size-default\">Asie<\/h2>\t\t\t\t<\/div>\n\t\t\t\t<\/div>\n\t\t<div class=\"elementor-element elementor-element-398af5c e-con-full e-flex e-con e-child\" data-id=\"398af5c\" data-element_type=\"container\">\n\t\t\t\t<div class=\"elementor-element elementor-element-ee7fe12 elementor-widget elementor-widget-spacer\" data-id=\"ee7fe12\" data-element_type=\"widget\" data-widget_type=\"spacer.default\">\n\t\t\t\t\t\t\t<div class=\"elementor-spacer\">\n\t\t\t<div class=\"elementor-spacer-inner\"><\/div>\n\t\t<\/div>\n\t\t\t\t\t\t<\/div>\n\t\t\t\t<\/div>\n\t\t\t\t<div class=\"elementor-element elementor-element-5014b24 elementor-align-center elementor-widget elementor-widget-button\" data-id=\"5014b24\" data-element_type=\"widget\" data-widget_type=\"button.default\">\n\t\t\t\t\t\t\t\t\t\t<a class=\"elementor-button elementor-button-link elementor-size-sm\" href=\"https:\/\/mmi24a03.mmi-troyes.fr\/sae302\/constructeur\/\">\n\t\t\t\t\t\t<span class=\"elementor-button-content-wrapper\">\n\t\t\t\t\t\t\t\t\t<span class=\"elementor-button-text\">Voir les constructeurs<\/span>\n\t\t\t\t\t<\/span>\n\t\t\t\t\t<\/a>\n\t\t\t\t\t\t\t\t<\/div>\n\t\t\t\t<\/div>\n\t\t<div class=\"elementor-element elementor-element-e50c298 e-con-full e-flex e-con e-child\" data-id=\"e50c298\" data-element_type=\"container\" data-settings=\"{&quot;background_background&quot;:&quot;classic&quot;}\">\n\t\t<div class=\"elementor-element elementor-element-809f9d7 e-grid e-con-full e-con e-child\" data-id=\"809f9d7\" data-element_type=\"container\">\n\t\t\t\t<div class=\"elementor-element elementor-element-f195144 elementor-widget elementor-widget-image\" data-id=\"f195144\" data-element_type=\"widget\" data-widget_type=\"image.default\">\n\t\t\t\t\t\t\t\t\t\t\t\t\t\t\t<img decoding=\"async\" width=\"800\" height=\"437\" src=\"https:\/\/mmi24a03.mmi-troyes.fr\/sae302\/wp-content\/uploads\/2025\/12\/ioniq5-1024x559.png\" class=\"attachment-large size-large wp-image-197\" alt=\"\" srcset=\"https:\/\/mmi24a03.mmi-troyes.fr\/sae302\/wp-content\/uploads\/2025\/12\/ioniq5-1024x559.png 1024w, https:\/\/mmi24a03.mmi-troyes.fr\/sae302\/wp-content\/uploads\/2025\/12\/ioniq5-300x164.png 300w, https:\/\/mmi24a03.mmi-troyes.fr\/sae302\/wp-content\/uploads\/2025\/12\/ioniq5-768x419.png 768w, https:\/\/mmi24a03.mmi-troyes.fr\/sae302\/wp-content\/uploads\/2025\/12\/ioniq5-1536x838.png 1536w, https:\/\/mmi24a03.mmi-troyes.fr\/sae302\/wp-content\/uploads\/2025\/12\/ioniq5-2048x1117.png 2048w\" sizes=\"(max-width: 800px) 100vw, 800px\" \/>\t\t\t\t\t\t\t\t\t\t\t\t\t\t\t<\/div>\n\t\t\t\t<div class=\"elementor-element elementor-element-f4c332e elementor-widget elementor-widget-image\" data-id=\"f4c332e\" data-element_type=\"widget\" data-widget_type=\"image.default\">\n\t\t\t\t\t\t\t\t\t\t\t\t\t\t\t<img decoding=\"async\" width=\"800\" height=\"437\" src=\"https:\/\/mmi24a03.mmi-troyes.fr\/sae302\/wp-content\/uploads\/2025\/12\/uniti-1024x559.png\" class=\"attachment-large size-large wp-image-198\" alt=\"\" srcset=\"https:\/\/mmi24a03.mmi-troyes.fr\/sae302\/wp-content\/uploads\/2025\/12\/uniti-1024x559.png 1024w, https:\/\/mmi24a03.mmi-troyes.fr\/sae302\/wp-content\/uploads\/2025\/12\/uniti-300x164.png 300w, https:\/\/mmi24a03.mmi-troyes.fr\/sae302\/wp-content\/uploads\/2025\/12\/uniti-768x419.png 768w, https:\/\/mmi24a03.mmi-troyes.fr\/sae302\/wp-content\/uploads\/2025\/12\/uniti-1536x838.png 1536w, https:\/\/mmi24a03.mmi-troyes.fr\/sae302\/wp-content\/uploads\/2025\/12\/uniti-2048x1117.png 2048w\" sizes=\"(max-width: 800px) 100vw, 800px\" \/>\t\t\t\t\t\t\t\t\t\t\t\t\t\t\t<\/div>\n\t\t<div class=\"elementor-element elementor-element-904ae75 e-grid e-con-full e-con e-child\" data-id=\"904ae75\" data-element_type=\"container\">\n\t\t\t\t<div class=\"elementor-element elementor-element-a35579f elementor-widget elementor-widget-heading\" data-id=\"a35579f\" data-element_type=\"widget\" data-widget_type=\"heading.default\">\n\t\t\t\t\t<h5 class=\"elementor-heading-title elementor-size-default\">Essai Hyundai Ioniq 5 vs Kia EV6<\/h5>\t\t\t\t<\/div>\n\t\t\t\t<div class=\"elementor-element elementor-element-fccf441 elementor-widget elementor-widget-button\" data-id=\"fccf441\" data-element_type=\"widget\" data-widget_type=\"button.default\">\n\t\t\t\t\t\t\t\t\t\t<a class=\"elementor-button elementor-button-link elementor-size-sm\" href=\"https:\/\/mmi24a03.mmi-troyes.fr\/sae302\/essai_et_analyse\/essai-comparatif-hyundai-ioniq-5-vs-kia-ev6\/\">\n\t\t\t\t\t\t<span class=\"elementor-button-content-wrapper\">\n\t\t\t\t\t\t\t\t\t<span class=\"elementor-button-text\">Acc\u00e9der<\/span>\n\t\t\t\t\t<\/span>\n\t\t\t\t\t<\/a>\n\t\t\t\t\t\t\t\t<\/div>\n\t\t\t\t<\/div>\n\t\t<div class=\"elementor-element elementor-element-1d11a12 e-grid e-con-full e-con e-child\" data-id=\"1d11a12\" data-element_type=\"container\">\n\t\t\t\t<div class=\"elementor-element elementor-element-3a37849 elementor-widget elementor-widget-heading\" data-id=\"3a37849\" data-element_type=\"widget\" data-widget_type=\"heading.default\">\n\t\t\t\t\t<h5 class=\"elementor-heading-title elementor-size-default\">L'\u00e9tonnant concept car su\u00e9dois Uniti<\/h5>\t\t\t\t<\/div>\n\t\t\t\t<div class=\"elementor-element elementor-element-c30f23d elementor-align-left elementor-widget elementor-widget-button\" data-id=\"c30f23d\" data-element_type=\"widget\" data-widget_type=\"button.default\">\n\t\t\t\t\t\t\t\t\t\t<a class=\"elementor-button elementor-button-link elementor-size-sm\" href=\"https:\/\/mmi24a03.mmi-troyes.fr\/sae302\/essai_et_analyse\/essai-letonnant-concept-car-suedois-uniti\/\">\n\t\t\t\t\t\t<span class=\"elementor-button-content-wrapper\">\n\t\t\t\t\t\t\t\t\t<span class=\"elementor-button-text\">Acc\u00e9der<\/span>\n\t\t\t\t\t<\/span>\n\t\t\t\t\t<\/a>\n\t\t\t\t\t\t\t\t<\/div>\n\t\t\t\t<\/div>\n\t\t\t\t<\/div>\n\t\t\t\t<\/div>\n\t\t\t\t\t<\/div>\n\t\t\t\t<\/div>\n\t\t<div class=\"elementor-element elementor-element-be01178 e-flex e-con-boxed e-con e-parent\" data-id=\"be01178\" data-element_type=\"container\">\n\t\t\t\t\t<div class=\"e-con-inner\">\n\t\t<div class=\"elementor-element elementor-element-59e3170 e-con-full e-flex e-con e-child\" data-id=\"59e3170\" data-element_type=\"container\" data-settings=\"{&quot;background_background&quot;:&quot;classic&quot;}\">\n\t\t<div class=\"elementor-element elementor-element-6d82ec5 e-grid e-con-full e-con e-child\" data-id=\"6d82ec5\" data-element_type=\"container\">\n\t\t\t\t<div class=\"elementor-element elementor-element-78347e5 elementor-widget elementor-widget-heading\" data-id=\"78347e5\" data-element_type=\"widget\" data-widget_type=\"heading.default\">\n\t\t\t\t\t<h2 class=\"elementor-heading-title elementor-size-default\">Newsletter<\/h2>\t\t\t\t<\/div>\n\t\t\t\t<div class=\"elementor-element elementor-element-801e780 elementor-widget elementor-widget-text-editor\" data-id=\"801e780\" data-element_type=\"widget\" data-widget_type=\"text-editor.default\">\n\t\t\t\t\t\t\t\t\t<p>Restez inform\u00e9s !<\/p>\t\t\t\t\t\t\t\t<\/div>\n\t\t<div class=\"elementor-element elementor-element-878cf0c e-grid e-con-full e-con e-child\" data-id=\"878cf0c\" data-element_type=\"container\">\n\t\t<div class=\"elementor-element elementor-element-33b5cff e-con-full e-flex e-con e-child\" data-id=\"33b5cff\" data-element_type=\"container\" data-settings=\"{&quot;background_background&quot;:&quot;classic&quot;}\">\n\t\t\t\t<div class=\"elementor-element elementor-element-a07d9aa elementor-widget elementor-widget-text-editor\" data-id=\"a07d9aa\" data-element_type=\"widget\" data-widget_type=\"text-editor.default\">\n\t\t\t\t\t\t\t\t\t<p>Entrez votre mail&#8230;<\/p>\t\t\t\t\t\t\t\t<\/div>\n\t\t\t\t<\/div>\n\t\t\t\t<div class=\"elementor-element elementor-element-5b922cc elementor-align-left elementor-widget elementor-widget-button\" data-id=\"5b922cc\" data-element_type=\"widget\" data-widget_type=\"button.default\">\n\t\t\t\t\t\t\t\t\t\t<a class=\"elementor-button elementor-button-link elementor-size-sm\" href=\"#\">\n\t\t\t\t\t\t<span class=\"elementor-button-content-wrapper\">\n\t\t\t\t\t\t\t\t\t<span class=\"elementor-button-text\">Sign Up<\/span>\n\t\t\t\t\t<\/span>\n\t\t\t\t\t<\/a>\n\t\t\t\t\t\t\t\t<\/div>\n\t\t\t\t<\/div>\n\t\t\t\t<\/div>\n\t\t\t\t<\/div>\n\t\t\t\t\t<\/div>\n\t\t\t\t<\/div>\n\t\t\t\t<\/div>\n\t\t","protected":false},"excerpt":{"rendered":"<p>D\u00e9couvrir les v\u00e9hicules Nos cat\u00e9gories Europe Asie Voir les constructeurs Essai Hyundai Ioniq 5 vs Kia EV6 Acc\u00e9der L&rsquo;\u00e9tonnant concept car su\u00e9dois Uniti Acc\u00e9der Newsletter Restez inform\u00e9s ! Entrez votre mail&#8230; Sign Up<\/p>\n","protected":false},"author":1,"featured_media":0,"parent":0,"menu_order":0,"comment_status":"closed","ping_status":"closed","template":"","meta":{"_acf_changed":false,"footnotes":""},"class_list":["post-13","page","type-page","status-publish","hentry"],"acf":[],"yoast_head":"<!-- This site is optimized with the Yoast SEO plugin v26.7 - https:\/\/yoast.com\/wordpress\/plugins\/seo\/ -->\n<title>Page d&#039;accueil - Lemon Wheel<\/title>\n<meta name=\"robots\" content=\"index, follow, max-snippet:-1, max-image-preview:large, max-video-preview:-1\" \/>\n<link rel=\"canonical\" href=\"https:\/\/mmi24a03.mmi-troyes.fr\/sae302\/\" \/>\n<meta property=\"og:locale\" content=\"fr_FR\" \/>\n<meta property=\"og:type\" content=\"article\" \/>\n<meta property=\"og:title\" content=\"Page d&#039;accueil - Lemon Wheel\" \/>\n<meta property=\"og:description\" content=\"D\u00e9couvrir les v\u00e9hicules Nos cat\u00e9gories Europe Asie Voir les constructeurs Essai Hyundai Ioniq 5 vs Kia EV6 Acc\u00e9der L&rsquo;\u00e9tonnant concept car su\u00e9dois Uniti Acc\u00e9der Newsletter Restez inform\u00e9s ! Entrez votre mail&#8230; Sign Up\" \/>\n<meta property=\"og:url\" content=\"https:\/\/mmi24a03.mmi-troyes.fr\/sae302\/\" \/>\n<meta property=\"og:site_name\" content=\"Lemon Wheel\" \/>\n<meta property=\"article:modified_time\" content=\"2025-12-19T15:40:31+00:00\" \/>\n<meta property=\"og:image\" content=\"https:\/\/mmi24a03.mmi-troyes.fr\/sae302\/wp-content\/uploads\/2025\/12\/hero-image-1-1024x559.png\" \/>\n\t<meta property=\"og:image:width\" content=\"1024\" \/>\n\t<meta property=\"og:image:height\" content=\"559\" \/>\n\t<meta property=\"og:image:type\" content=\"image\/png\" \/>\n<meta name=\"twitter:card\" content=\"summary_large_image\" \/>\n<meta name=\"twitter:label1\" content=\"Dur\u00e9e de lecture estim\u00e9e\" \/>\n\t<meta name=\"twitter:data1\" content=\"1 minute\" \/>\n<script type=\"application\/ld+json\" class=\"yoast-schema-graph\">{\"@context\":\"https:\/\/schema.org\",\"@graph\":[{\"@type\":\"WebPage\",\"@id\":\"https:\/\/mmi24a03.mmi-troyes.fr\/sae302\/\",\"url\":\"https:\/\/mmi24a03.mmi-troyes.fr\/sae302\/\",\"name\":\"Page d'accueil - Lemon Wheel\",\"isPartOf\":{\"@id\":\"https:\/\/mmi24a03.mmi-troyes.fr\/sae302\/#website\"},\"primaryImageOfPage\":{\"@id\":\"https:\/\/mmi24a03.mmi-troyes.fr\/sae302\/#primaryimage\"},\"image\":{\"@id\":\"https:\/\/mmi24a03.mmi-troyes.fr\/sae302\/#primaryimage\"},\"thumbnailUrl\":\"https:\/\/mmi24a03.mmi-troyes.fr\/sae302\/wp-content\/uploads\/2025\/12\/hero-image-1-scaled.png\",\"datePublished\":\"2025-12-16T21:23:28+00:00\",\"dateModified\":\"2025-12-19T15:40:31+00:00\",\"breadcrumb\":{\"@id\":\"https:\/\/mmi24a03.mmi-troyes.fr\/sae302\/#breadcrumb\"},\"inLanguage\":\"fr-FR\",\"potentialAction\":[{\"@type\":\"ReadAction\",\"target\":[\"https:\/\/mmi24a03.mmi-troyes.fr\/sae302\/\"]}]},{\"@type\":\"ImageObject\",\"inLanguage\":\"fr-FR\",\"@id\":\"https:\/\/mmi24a03.mmi-troyes.fr\/sae302\/#primaryimage\",\"url\":\"https:\/\/mmi24a03.mmi-troyes.fr\/sae302\/wp-content\/uploads\/2025\/12\/hero-image-1-scaled.png\",\"contentUrl\":\"https:\/\/mmi24a03.mmi-troyes.fr\/sae302\/wp-content\/uploads\/2025\/12\/hero-image-1-scaled.png\",\"width\":2560,\"height\":1396},{\"@type\":\"BreadcrumbList\",\"@id\":\"https:\/\/mmi24a03.mmi-troyes.fr\/sae302\/#breadcrumb\",\"itemListElement\":[{\"@type\":\"ListItem\",\"position\":1,\"name\":\"Home\",\"item\":\"https:\/\/mmi24a03.mmi-troyes.fr\/sae302\/\"},{\"@type\":\"ListItem\",\"position\":2,\"name\":\"Page d&rsquo;accueil\"}]},{\"@type\":\"WebSite\",\"@id\":\"https:\/\/mmi24a03.mmi-troyes.fr\/sae302\/#website\",\"url\":\"https:\/\/mmi24a03.mmi-troyes.fr\/sae302\/\",\"name\":\"Lemon Wheel\",\"description\":\"\",\"publisher\":{\"@id\":\"https:\/\/mmi24a03.mmi-troyes.fr\/sae302\/#\/schema\/person\/4271919319f0ec71f3ca66b37819f95c\"},\"potentialAction\":[{\"@type\":\"SearchAction\",\"target\":{\"@type\":\"EntryPoint\",\"urlTemplate\":\"https:\/\/mmi24a03.mmi-troyes.fr\/sae302\/?s={search_term_string}\"},\"query-input\":{\"@type\":\"PropertyValueSpecification\",\"valueRequired\":true,\"valueName\":\"search_term_string\"}}],\"inLanguage\":\"fr-FR\"},{\"@type\":[\"Person\",\"Organization\"],\"@id\":\"https:\/\/mmi24a03.mmi-troyes.fr\/sae302\/#\/schema\/person\/4271919319f0ec71f3ca66b37819f95c\",\"name\":\"sae302User\",\"image\":{\"@type\":\"ImageObject\",\"inLanguage\":\"fr-FR\",\"@id\":\"https:\/\/mmi24a03.mmi-troyes.fr\/sae302\/#\/schema\/person\/image\/\",\"url\":\"https:\/\/mmi24a03.mmi-troyes.fr\/sae302\/wp-content\/uploads\/2025\/11\/logo.png\",\"contentUrl\":\"https:\/\/mmi24a03.mmi-troyes.fr\/sae302\/wp-content\/uploads\/2025\/11\/logo.png\",\"width\":145,\"height\":138,\"caption\":\"sae302User\"},\"logo\":{\"@id\":\"https:\/\/mmi24a03.mmi-troyes.fr\/sae302\/#\/schema\/person\/image\/\"},\"sameAs\":[\"https:\/\/mmi24a03.mmi-troyes.fr\/sae302\"]}]}<\/script>\n<!-- \/ Yoast SEO plugin. -->","yoast_head_json":{"title":"Page d'accueil - Lemon Wheel","robots":{"index":"index","follow":"follow","max-snippet":"max-snippet:-1","max-image-preview":"max-image-preview:large","max-video-preview":"max-video-preview:-1"},"canonical":"https:\/\/mmi24a03.mmi-troyes.fr\/sae302\/","og_locale":"fr_FR","og_type":"article","og_title":"Page d'accueil - Lemon Wheel","og_description":"D\u00e9couvrir les v\u00e9hicules Nos cat\u00e9gories Europe Asie Voir les constructeurs Essai Hyundai Ioniq 5 vs Kia EV6 Acc\u00e9der L&rsquo;\u00e9tonnant concept car su\u00e9dois Uniti Acc\u00e9der Newsletter Restez inform\u00e9s ! Entrez votre mail&#8230; Sign Up","og_url":"https:\/\/mmi24a03.mmi-troyes.fr\/sae302\/","og_site_name":"Lemon Wheel","article_modified_time":"2025-12-19T15:40:31+00:00","og_image":[{"width":1024,"height":559,"url":"https:\/\/mmi24a03.mmi-troyes.fr\/sae302\/wp-content\/uploads\/2025\/12\/hero-image-1-1024x559.png","type":"image\/png"}],"twitter_card":"summary_large_image","twitter_misc":{"Dur\u00e9e de lecture estim\u00e9e":"1 minute"},"schema":{"@context":"https:\/\/schema.org","@graph":[{"@type":"WebPage","@id":"https:\/\/mmi24a03.mmi-troyes.fr\/sae302\/","url":"https:\/\/mmi24a03.mmi-troyes.fr\/sae302\/","name":"Page d'accueil - Lemon Wheel","isPartOf":{"@id":"https:\/\/mmi24a03.mmi-troyes.fr\/sae302\/#website"},"primaryImageOfPage":{"@id":"https:\/\/mmi24a03.mmi-troyes.fr\/sae302\/#primaryimage"},"image":{"@id":"https:\/\/mmi24a03.mmi-troyes.fr\/sae302\/#primaryimage"},"thumbnailUrl":"https:\/\/mmi24a03.mmi-troyes.fr\/sae302\/wp-content\/uploads\/2025\/12\/hero-image-1-scaled.png","datePublished":"2025-12-16T21:23:28+00:00","dateModified":"2025-12-19T15:40:31+00:00","breadcrumb":{"@id":"https:\/\/mmi24a03.mmi-troyes.fr\/sae302\/#breadcrumb"},"inLanguage":"fr-FR","potentialAction":[{"@type":"ReadAction","target":["https:\/\/mmi24a03.mmi-troyes.fr\/sae302\/"]}]},{"@type":"ImageObject","inLanguage":"fr-FR","@id":"https:\/\/mmi24a03.mmi-troyes.fr\/sae302\/#primaryimage","url":"https:\/\/mmi24a03.mmi-troyes.fr\/sae302\/wp-content\/uploads\/2025\/12\/hero-image-1-scaled.png","contentUrl":"https:\/\/mmi24a03.mmi-troyes.fr\/sae302\/wp-content\/uploads\/2025\/12\/hero-image-1-scaled.png","width":2560,"height":1396},{"@type":"BreadcrumbList","@id":"https:\/\/mmi24a03.mmi-troyes.fr\/sae302\/#breadcrumb","itemListElement":[{"@type":"ListItem","position":1,"name":"Home","item":"https:\/\/mmi24a03.mmi-troyes.fr\/sae302\/"},{"@type":"ListItem","position":2,"name":"Page d&rsquo;accueil"}]},{"@type":"WebSite","@id":"https:\/\/mmi24a03.mmi-troyes.fr\/sae302\/#website","url":"https:\/\/mmi24a03.mmi-troyes.fr\/sae302\/","name":"Lemon Wheel","description":"","publisher":{"@id":"https:\/\/mmi24a03.mmi-troyes.fr\/sae302\/#\/schema\/person\/4271919319f0ec71f3ca66b37819f95c"},"potentialAction":[{"@type":"SearchAction","target":{"@type":"EntryPoint","urlTemplate":"https:\/\/mmi24a03.mmi-troyes.fr\/sae302\/?s={search_term_string}"},"query-input":{"@type":"PropertyValueSpecification","valueRequired":true,"valueName":"search_term_string"}}],"inLanguage":"fr-FR"},{"@type":["Person","Organization"],"@id":"https:\/\/mmi24a03.mmi-troyes.fr\/sae302\/#\/schema\/person\/4271919319f0ec71f3ca66b37819f95c","name":"sae302User","image":{"@type":"ImageObject","inLanguage":"fr-FR","@id":"https:\/\/mmi24a03.mmi-troyes.fr\/sae302\/#\/schema\/person\/image\/","url":"https:\/\/mmi24a03.mmi-troyes.fr\/sae302\/wp-content\/uploads\/2025\/11\/logo.png","contentUrl":"https:\/\/mmi24a03.mmi-troyes.fr\/sae302\/wp-content\/uploads\/2025\/11\/logo.png","width":145,"height":138,"caption":"sae302User"},"logo":{"@id":"https:\/\/mmi24a03.mmi-troyes.fr\/sae302\/#\/schema\/person\/image\/"},"sameAs":["https:\/\/mmi24a03.mmi-troyes.fr\/sae302"]}]}},"_links":{"self":[{"href":"https:\/\/mmi24a03.mmi-troyes.fr\/sae302\/wp-json\/wp\/v2\/pages\/13","targetHints":{"allow":["GET"]}}],"collection":[{"href":"https:\/\/mmi24a03.mmi-troyes.fr\/sae302\/wp-json\/wp\/v2\/pages"}],"about":[{"href":"https:\/\/mmi24a03.mmi-troyes.fr\/sae302\/wp-json\/wp\/v2\/types\/page"}],"author":[{"embeddable":true,"href":"https:\/\/mmi24a03.mmi-troyes.fr\/sae302\/wp-json\/wp\/v2\/users\/1"}],"replies":[{"embeddable":true,"href":"https:\/\/mmi24a03.mmi-troyes.fr\/sae302\/wp-json\/wp\/v2\/comments?post=13"}],"version-history":[{"count":12,"href":"https:\/\/mmi24a03.mmi-troyes.fr\/sae302\/wp-json\/wp\/v2\/pages\/13\/revisions"}],"predecessor-version":[{"id":305,"href":"https:\/\/mmi24a03.mmi-troyes.fr\/sae302\/wp-json\/wp\/v2\/pages\/13\/revisions\/305"}],"wp:attachment":[{"href":"https:\/\/mmi24a03.mmi-troyes.fr\/sae302\/wp-json\/wp\/v2\/media?parent=13"}],"curies":[{"name":"wp","href":"https:\/\/api.w.org\/{rel}","templated":true}]}}