{"id":141,"date":"2025-12-17T17:14:23","date_gmt":"2025-12-17T17:14:23","guid":{"rendered":"https:\/\/mmi24a03.mmi-troyes.fr\/sae302\/?page_id=141"},"modified":"2025-12-17T17:14:25","modified_gmt":"2025-12-17T17:14:25","slug":"infos","status":"publish","type":"page","link":"https:\/\/mmi24a03.mmi-troyes.fr\/sae302\/infos\/","title":{"rendered":"Infos"},"content":{"rendered":"\t\t<div data-elementor-type=\"wp-page\" data-elementor-id=\"141\" class=\"elementor elementor-141\" data-elementor-post-type=\"page\">\n\t\t\t\t<div class=\"elementor-element elementor-element-5e1a80b e-flex e-con-boxed e-con e-parent\" data-id=\"5e1a80b\" data-element_type=\"container\">\n\t\t\t\t\t<div class=\"e-con-inner\">\n\t\t\t\t<div class=\"elementor-element elementor-element-57c8b9f elementor-widget elementor-widget-heading\" data-id=\"57c8b9f\" data-element_type=\"widget\" data-widget_type=\"heading.default\">\n\t\t\t\t\t<h2 class=\"elementor-heading-title elementor-size-default\">Informations<\/h2>\t\t\t\t<\/div>\n\t\t\t\t\t<\/div>\n\t\t\t\t<\/div>\n\t\t<div class=\"elementor-element elementor-element-51df62e e-flex e-con-boxed e-con e-parent\" data-id=\"51df62e\" data-element_type=\"container\" data-settings=\"{&quot;background_background&quot;:&quot;classic&quot;}\">\n\t\t\t\t\t<div class=\"e-con-inner\">\n\t\t<div class=\"elementor-element elementor-element-62d1408 e-con-full e-flex e-con e-child\" data-id=\"62d1408\" data-element_type=\"container\" data-settings=\"{&quot;background_background&quot;:&quot;classic&quot;}\">\n\t\t<div class=\"elementor-element elementor-element-76ae2d2 e-grid e-con-full e-con e-child\" data-id=\"76ae2d2\" data-element_type=\"container\">\n\t\t\t\t<div class=\"elementor-element elementor-element-276026f elementor-widget elementor-widget-image\" data-id=\"276026f\" data-element_type=\"widget\" data-widget_type=\"image.default\">\n\t\t\t\t\t\t\t\t\t\t\t\t\t\t\t<img fetchpriority=\"high\" decoding=\"async\" width=\"800\" height=\"800\" src=\"https:\/\/mmi24a03.mmi-troyes.fr\/sae302\/wp-content\/uploads\/2025\/12\/histoire-1024x1024.png\" class=\"attachment-large size-large wp-image-205\" alt=\"\" srcset=\"https:\/\/mmi24a03.mmi-troyes.fr\/sae302\/wp-content\/uploads\/2025\/12\/histoire-1024x1024.png 1024w, https:\/\/mmi24a03.mmi-troyes.fr\/sae302\/wp-content\/uploads\/2025\/12\/histoire-300x300.png 300w, https:\/\/mmi24a03.mmi-troyes.fr\/sae302\/wp-content\/uploads\/2025\/12\/histoire-150x150.png 150w, https:\/\/mmi24a03.mmi-troyes.fr\/sae302\/wp-content\/uploads\/2025\/12\/histoire-768x768.png 768w, https:\/\/mmi24a03.mmi-troyes.fr\/sae302\/wp-content\/uploads\/2025\/12\/histoire-1536x1536.png 1536w, https:\/\/mmi24a03.mmi-troyes.fr\/sae302\/wp-content\/uploads\/2025\/12\/histoire.png 2048w\" sizes=\"(max-width: 800px) 100vw, 800px\" \/>\t\t\t\t\t\t\t\t\t\t\t\t\t\t\t<\/div>\n\t\t<div class=\"elementor-element elementor-element-0f09bfd e-grid e-con-full e-con e-child\" data-id=\"0f09bfd\" data-element_type=\"container\">\n\t\t\t\t<div class=\"elementor-element elementor-element-33d6c44 elementor-widget elementor-widget-heading\" data-id=\"33d6c44\" data-element_type=\"widget\" data-widget_type=\"heading.default\">\n\t\t\t\t\t<h2 class=\"elementor-heading-title elementor-size-default\">L\u2019histoire de l\u2019automobile \u00e9lectrique.<\/h2>\t\t\t\t<\/div>\n\t\t\t\t<div class=\"elementor-element elementor-element-e24826e elementor-widget elementor-widget-text-editor\" data-id=\"e24826e\" data-element_type=\"widget\" data-widget_type=\"text-editor.default\">\n\t\t\t\t\t\t\t\t\t<p>Comment est apparue la nouvelle r\u00e9volution \u00e9nerg\u00e9tique du d\u00e9placement ?<\/p>\t\t\t\t\t\t\t\t<\/div>\n\t\t\t\t<\/div>\n\t\t\t\t<\/div>\n\t\t\t\t<\/div>\n\t\t\t\t\t<\/div>\n\t\t\t\t<\/div>\n\t\t<div class=\"elementor-element elementor-element-0aec240 e-flex e-con-boxed e-con e-parent\" data-id=\"0aec240\" data-element_type=\"container\">\n\t\t\t\t\t<div class=\"e-con-inner\">\n\t\t\t\t<div class=\"elementor-element elementor-element-1ff987a elementor-align-right elementor-widget elementor-widget-button\" data-id=\"1ff987a\" data-element_type=\"widget\" data-widget_type=\"button.default\">\n\t\t\t\t\t\t\t\t\t\t<a class=\"elementor-button elementor-button-link elementor-size-sm\" href=\"https:\/\/www.avere-france.org\/lhistoire-du-vehicule-electrique\/\" target=\"_blank\">\n\t\t\t\t\t\t<span class=\"elementor-button-content-wrapper\">\n\t\t\t\t\t\t\t\t\t<span class=\"elementor-button-text\">Acc\u00e9der<\/span>\n\t\t\t\t\t<\/span>\n\t\t\t\t\t<\/a>\n\t\t\t\t\t\t\t\t<\/div>\n\t\t\t\t\t<\/div>\n\t\t\t\t<\/div>\n\t\t<div class=\"elementor-element elementor-element-b3ef687 e-flex e-con-boxed e-con e-parent\" data-id=\"b3ef687\" data-element_type=\"container\">\n\t\t\t\t\t<div class=\"e-con-inner\">\n\t\t<div class=\"elementor-element elementor-element-ea42ec9 e-con-full e-flex e-con e-child\" data-id=\"ea42ec9\" data-element_type=\"container\" data-settings=\"{&quot;background_background&quot;:&quot;classic&quot;}\">\n\t\t<div class=\"elementor-element elementor-element-ac28b82 e-grid e-con-full e-con e-child\" data-id=\"ac28b82\" data-element_type=\"container\">\n\t\t\t\t<div class=\"elementor-element elementor-element-ab69e43 elementor-widget elementor-widget-image\" data-id=\"ab69e43\" data-element_type=\"widget\" data-widget_type=\"image.default\">\n\t\t\t\t\t\t\t\t\t\t\t\t\t\t\t<img decoding=\"async\" src=\"https:\/\/mmi24a03.mmi-troyes.fr\/sae302\/wp-content\/uploads\/elementor\/thumbs\/centrale-scaled-rgapa6z1rm7cdemoa57beirn2k3tstv0olw0z6jlz4.png\" title=\"centrale\" alt=\"centrale\" loading=\"lazy\" \/>\t\t\t\t\t\t\t\t\t\t\t\t\t\t\t<\/div>\n\t\t<div class=\"elementor-element elementor-element-a6fe488 e-grid e-con-full e-con e-child\" data-id=\"a6fe488\" data-element_type=\"container\">\n\t\t\t\t<div class=\"elementor-element elementor-element-679bd6e elementor-widget elementor-widget-heading\" data-id=\"679bd6e\" data-element_type=\"widget\" data-widget_type=\"heading.default\">\n\t\t\t\t\t<h2 class=\"elementor-heading-title elementor-size-default\">Acheter votre prochaine voiture \u00e9lectrique<\/h2>\t\t\t\t<\/div>\n\t\t\t\t<div class=\"elementor-element elementor-element-5ac97bb elementor-widget elementor-widget-text-editor\" data-id=\"5ac97bb\" data-element_type=\"widget\" data-widget_type=\"text-editor.default\">\n\t\t\t\t\t\t\t\t\t<p>Rejoigner la communaut\u00e9 des nouveaux conducteurs de demain.<\/p>\t\t\t\t\t\t\t\t<\/div>\n\t\t\t\t<\/div>\n\t\t\t\t<\/div>\n\t\t\t\t<\/div>\n\t\t\t\t\t<\/div>\n\t\t\t\t<\/div>\n\t\t<div class=\"elementor-element elementor-element-0c101c6 e-flex e-con-boxed e-con e-parent\" data-id=\"0c101c6\" data-element_type=\"container\">\n\t\t\t\t\t<div class=\"e-con-inner\">\n\t\t\t\t<div class=\"elementor-element elementor-element-ba0f070 elementor-align-right elementor-widget elementor-widget-button\" data-id=\"ba0f070\" data-element_type=\"widget\" data-widget_type=\"button.default\">\n\t\t\t\t\t\t\t\t\t\t<a class=\"elementor-button elementor-button-link elementor-size-sm\" href=\"https:\/\/www.lacentrale.fr\/electrique\/voiture-occasion-electrique.html\">\n\t\t\t\t\t\t<span class=\"elementor-button-content-wrapper\">\n\t\t\t\t\t\t\t\t\t<span class=\"elementor-button-text\">Acc\u00e9der<\/span>\n\t\t\t\t\t<\/span>\n\t\t\t\t\t<\/a>\n\t\t\t\t\t\t\t\t<\/div>\n\t\t\t\t\t<\/div>\n\t\t\t\t<\/div>\n\t\t\t\t<\/div>\n\t\t","protected":false},"excerpt":{"rendered":"<p>Informations L\u2019histoire de l\u2019automobile \u00e9lectrique. Comment est apparue la nouvelle r\u00e9volution \u00e9nerg\u00e9tique du d\u00e9placement ? Acc\u00e9der Acheter votre prochaine voiture \u00e9lectrique Rejoigner la communaut\u00e9 des nouveaux conducteurs de demain. Acc\u00e9der<\/p>\n","protected":false},"author":1,"featured_media":0,"parent":0,"menu_order":0,"comment_status":"closed","ping_status":"closed","template":"","meta":{"_acf_changed":false,"footnotes":""},"class_list":["post-141","page","type-page","status-publish","hentry"],"acf":[],"yoast_head":"<!-- This site is optimized with the Yoast SEO plugin v26.7 - https:\/\/yoast.com\/wordpress\/plugins\/seo\/ -->\n<title>Infos - Lemon Wheel<\/title>\n<meta name=\"robots\" content=\"index, follow, max-snippet:-1, max-image-preview:large, max-video-preview:-1\" \/>\n<link rel=\"canonical\" href=\"https:\/\/mmi24a03.mmi-troyes.fr\/sae302\/infos\/\" \/>\n<meta property=\"og:locale\" content=\"fr_FR\" \/>\n<meta property=\"og:type\" content=\"article\" \/>\n<meta property=\"og:title\" content=\"Infos - Lemon Wheel\" \/>\n<meta property=\"og:description\" content=\"Informations L\u2019histoire de l\u2019automobile \u00e9lectrique. Comment est apparue la nouvelle r\u00e9volution \u00e9nerg\u00e9tique du d\u00e9placement ? Acc\u00e9der Acheter votre prochaine voiture \u00e9lectrique Rejoigner la communaut\u00e9 des nouveaux conducteurs de demain. Acc\u00e9der\" \/>\n<meta property=\"og:url\" content=\"https:\/\/mmi24a03.mmi-troyes.fr\/sae302\/infos\/\" \/>\n<meta property=\"og:site_name\" content=\"Lemon Wheel\" \/>\n<meta property=\"article:modified_time\" content=\"2025-12-17T17:14:25+00:00\" \/>\n<meta property=\"og:image\" content=\"https:\/\/mmi24a03.mmi-troyes.fr\/sae302\/wp-content\/uploads\/2025\/12\/histoire-1024x1024.png\" \/>\n<meta name=\"twitter:card\" content=\"summary_large_image\" \/>\n<script type=\"application\/ld+json\" class=\"yoast-schema-graph\">{\"@context\":\"https:\/\/schema.org\",\"@graph\":[{\"@type\":\"WebPage\",\"@id\":\"https:\/\/mmi24a03.mmi-troyes.fr\/sae302\/infos\/\",\"url\":\"https:\/\/mmi24a03.mmi-troyes.fr\/sae302\/infos\/\",\"name\":\"Infos - Lemon Wheel\",\"isPartOf\":{\"@id\":\"https:\/\/mmi24a03.mmi-troyes.fr\/sae302\/#website\"},\"primaryImageOfPage\":{\"@id\":\"https:\/\/mmi24a03.mmi-troyes.fr\/sae302\/infos\/#primaryimage\"},\"image\":{\"@id\":\"https:\/\/mmi24a03.mmi-troyes.fr\/sae302\/infos\/#primaryimage\"},\"thumbnailUrl\":\"https:\/\/mmi24a03.mmi-troyes.fr\/sae302\/wp-content\/uploads\/2025\/12\/histoire-1024x1024.png\",\"datePublished\":\"2025-12-17T17:14:23+00:00\",\"dateModified\":\"2025-12-17T17:14:25+00:00\",\"breadcrumb\":{\"@id\":\"https:\/\/mmi24a03.mmi-troyes.fr\/sae302\/infos\/#breadcrumb\"},\"inLanguage\":\"fr-FR\",\"potentialAction\":[{\"@type\":\"ReadAction\",\"target\":[\"https:\/\/mmi24a03.mmi-troyes.fr\/sae302\/infos\/\"]}]},{\"@type\":\"ImageObject\",\"inLanguage\":\"fr-FR\",\"@id\":\"https:\/\/mmi24a03.mmi-troyes.fr\/sae302\/infos\/#primaryimage\",\"url\":\"https:\/\/mmi24a03.mmi-troyes.fr\/sae302\/wp-content\/uploads\/2025\/12\/histoire.png\",\"contentUrl\":\"https:\/\/mmi24a03.mmi-troyes.fr\/sae302\/wp-content\/uploads\/2025\/12\/histoire.png\",\"width\":2048,\"height\":2048},{\"@type\":\"BreadcrumbList\",\"@id\":\"https:\/\/mmi24a03.mmi-troyes.fr\/sae302\/infos\/#breadcrumb\",\"itemListElement\":[{\"@type\":\"ListItem\",\"position\":1,\"name\":\"Home\",\"item\":\"https:\/\/mmi24a03.mmi-troyes.fr\/sae302\/\"},{\"@type\":\"ListItem\",\"position\":2,\"name\":\"Infos\"}]},{\"@type\":\"WebSite\",\"@id\":\"https:\/\/mmi24a03.mmi-troyes.fr\/sae302\/#website\",\"url\":\"https:\/\/mmi24a03.mmi-troyes.fr\/sae302\/\",\"name\":\"Lemon Wheel\",\"description\":\"\",\"publisher\":{\"@id\":\"https:\/\/mmi24a03.mmi-troyes.fr\/sae302\/#\/schema\/person\/4271919319f0ec71f3ca66b37819f95c\"},\"potentialAction\":[{\"@type\":\"SearchAction\",\"target\":{\"@type\":\"EntryPoint\",\"urlTemplate\":\"https:\/\/mmi24a03.mmi-troyes.fr\/sae302\/?s={search_term_string}\"},\"query-input\":{\"@type\":\"PropertyValueSpecification\",\"valueRequired\":true,\"valueName\":\"search_term_string\"}}],\"inLanguage\":\"fr-FR\"},{\"@type\":[\"Person\",\"Organization\"],\"@id\":\"https:\/\/mmi24a03.mmi-troyes.fr\/sae302\/#\/schema\/person\/4271919319f0ec71f3ca66b37819f95c\",\"name\":\"sae302User\",\"image\":{\"@type\":\"ImageObject\",\"inLanguage\":\"fr-FR\",\"@id\":\"https:\/\/mmi24a03.mmi-troyes.fr\/sae302\/#\/schema\/person\/image\/\",\"url\":\"https:\/\/mmi24a03.mmi-troyes.fr\/sae302\/wp-content\/uploads\/2025\/11\/logo.png\",\"contentUrl\":\"https:\/\/mmi24a03.mmi-troyes.fr\/sae302\/wp-content\/uploads\/2025\/11\/logo.png\",\"width\":145,\"height\":138,\"caption\":\"sae302User\"},\"logo\":{\"@id\":\"https:\/\/mmi24a03.mmi-troyes.fr\/sae302\/#\/schema\/person\/image\/\"},\"sameAs\":[\"https:\/\/mmi24a03.mmi-troyes.fr\/sae302\"]}]}<\/script>\n<!-- \/ Yoast SEO plugin. -->","yoast_head_json":{"title":"Infos - Lemon Wheel","robots":{"index":"index","follow":"follow","max-snippet":"max-snippet:-1","max-image-preview":"max-image-preview:large","max-video-preview":"max-video-preview:-1"},"canonical":"https:\/\/mmi24a03.mmi-troyes.fr\/sae302\/infos\/","og_locale":"fr_FR","og_type":"article","og_title":"Infos - Lemon Wheel","og_description":"Informations L\u2019histoire de l\u2019automobile \u00e9lectrique. Comment est apparue la nouvelle r\u00e9volution \u00e9nerg\u00e9tique du d\u00e9placement ? Acc\u00e9der Acheter votre prochaine voiture \u00e9lectrique Rejoigner la communaut\u00e9 des nouveaux conducteurs de demain. Acc\u00e9der","og_url":"https:\/\/mmi24a03.mmi-troyes.fr\/sae302\/infos\/","og_site_name":"Lemon Wheel","article_modified_time":"2025-12-17T17:14:25+00:00","og_image":[{"url":"https:\/\/mmi24a03.mmi-troyes.fr\/sae302\/wp-content\/uploads\/2025\/12\/histoire-1024x1024.png","type":"","width":"","height":""}],"twitter_card":"summary_large_image","schema":{"@context":"https:\/\/schema.org","@graph":[{"@type":"WebPage","@id":"https:\/\/mmi24a03.mmi-troyes.fr\/sae302\/infos\/","url":"https:\/\/mmi24a03.mmi-troyes.fr\/sae302\/infos\/","name":"Infos - Lemon Wheel","isPartOf":{"@id":"https:\/\/mmi24a03.mmi-troyes.fr\/sae302\/#website"},"primaryImageOfPage":{"@id":"https:\/\/mmi24a03.mmi-troyes.fr\/sae302\/infos\/#primaryimage"},"image":{"@id":"https:\/\/mmi24a03.mmi-troyes.fr\/sae302\/infos\/#primaryimage"},"thumbnailUrl":"https:\/\/mmi24a03.mmi-troyes.fr\/sae302\/wp-content\/uploads\/2025\/12\/histoire-1024x1024.png","datePublished":"2025-12-17T17:14:23+00:00","dateModified":"2025-12-17T17:14:25+00:00","breadcrumb":{"@id":"https:\/\/mmi24a03.mmi-troyes.fr\/sae302\/infos\/#breadcrumb"},"inLanguage":"fr-FR","potentialAction":[{"@type":"ReadAction","target":["https:\/\/mmi24a03.mmi-troyes.fr\/sae302\/infos\/"]}]},{"@type":"ImageObject","inLanguage":"fr-FR","@id":"https:\/\/mmi24a03.mmi-troyes.fr\/sae302\/infos\/#primaryimage","url":"https:\/\/mmi24a03.mmi-troyes.fr\/sae302\/wp-content\/uploads\/2025\/12\/histoire.png","contentUrl":"https:\/\/mmi24a03.mmi-troyes.fr\/sae302\/wp-content\/uploads\/2025\/12\/histoire.png","width":2048,"height":2048},{"@type":"BreadcrumbList","@id":"https:\/\/mmi24a03.mmi-troyes.fr\/sae302\/infos\/#breadcrumb","itemListElement":[{"@type":"ListItem","position":1,"name":"Home","item":"https:\/\/mmi24a03.mmi-troyes.fr\/sae302\/"},{"@type":"ListItem","position":2,"name":"Infos"}]},{"@type":"WebSite","@id":"https:\/\/mmi24a03.mmi-troyes.fr\/sae302\/#website","url":"https:\/\/mmi24a03.mmi-troyes.fr\/sae302\/","name":"Lemon Wheel","description":"","publisher":{"@id":"https:\/\/mmi24a03.mmi-troyes.fr\/sae302\/#\/schema\/person\/4271919319f0ec71f3ca66b37819f95c"},"potentialAction":[{"@type":"SearchAction","target":{"@type":"EntryPoint","urlTemplate":"https:\/\/mmi24a03.mmi-troyes.fr\/sae302\/?s={search_term_string}"},"query-input":{"@type":"PropertyValueSpecification","valueRequired":true,"valueName":"search_term_string"}}],"inLanguage":"fr-FR"},{"@type":["Person","Organization"],"@id":"https:\/\/mmi24a03.mmi-troyes.fr\/sae302\/#\/schema\/person\/4271919319f0ec71f3ca66b37819f95c","name":"sae302User","image":{"@type":"ImageObject","inLanguage":"fr-FR","@id":"https:\/\/mmi24a03.mmi-troyes.fr\/sae302\/#\/schema\/person\/image\/","url":"https:\/\/mmi24a03.mmi-troyes.fr\/sae302\/wp-content\/uploads\/2025\/11\/logo.png","contentUrl":"https:\/\/mmi24a03.mmi-troyes.fr\/sae302\/wp-content\/uploads\/2025\/11\/logo.png","width":145,"height":138,"caption":"sae302User"},"logo":{"@id":"https:\/\/mmi24a03.mmi-troyes.fr\/sae302\/#\/schema\/person\/image\/"},"sameAs":["https:\/\/mmi24a03.mmi-troyes.fr\/sae302"]}]}},"_links":{"self":[{"href":"https:\/\/mmi24a03.mmi-troyes.fr\/sae302\/wp-json\/wp\/v2\/pages\/141","targetHints":{"allow":["GET"]}}],"collection":[{"href":"https:\/\/mmi24a03.mmi-troyes.fr\/sae302\/wp-json\/wp\/v2\/pages"}],"about":[{"href":"https:\/\/mmi24a03.mmi-troyes.fr\/sae302\/wp-json\/wp\/v2\/types\/page"}],"author":[{"embeddable":true,"href":"https:\/\/mmi24a03.mmi-troyes.fr\/sae302\/wp-json\/wp\/v2\/users\/1"}],"replies":[{"embeddable":true,"href":"https:\/\/mmi24a03.mmi-troyes.fr\/sae302\/wp-json\/wp\/v2\/comments?post=141"}],"version-history":[{"count":7,"href":"https:\/\/mmi24a03.mmi-troyes.fr\/sae302\/wp-json\/wp\/v2\/pages\/141\/revisions"}],"predecessor-version":[{"id":211,"href":"https:\/\/mmi24a03.mmi-troyes.fr\/sae302\/wp-json\/wp\/v2\/pages\/141\/revisions\/211"}],"wp:attachment":[{"href":"https:\/\/mmi24a03.mmi-troyes.fr\/sae302\/wp-json\/wp\/v2\/media?parent=141"}],"curies":[{"name":"wp","href":"https:\/\/api.w.org\/{rel}","templated":true}]}}